{"id":132,"date":"2025-02-10T17:10:59","date_gmt":"2025-02-10T17:10:59","guid":{"rendered":"https:\/\/www.ramipub.net\/?page_id=132"},"modified":"2025-02-10T17:18:59","modified_gmt":"2025-02-10T17:18:59","slug":"formartion-marketing-digital","status":"publish","type":"page","link":"https:\/\/www.ramipub.net\/?page_id=132","title":{"rendered":"Formation"},"content":{"rendered":"<p>[et_pb_section fb_built=\u00a0\u00bb1&Prime; _builder_version=\u00a0\u00bb4.27.4&Prime; _module_preset=\u00a0\u00bbdefault\u00a0\u00bb global_colors_info=\u00a0\u00bb{}\u00a0\u00bb theme_builder_area=\u00a0\u00bbpost_content\u00a0\u00bb][et_pb_row _builder_version=\u00a0\u00bb4.27.4&Prime; _module_preset=\u00a0\u00bbdefault\u00a0\u00bb global_colors_info=\u00a0\u00bb{}\u00a0\u00bb theme_builder_area=\u00a0\u00bbpost_content\u00a0\u00bb][et_pb_column type=\u00a0\u00bb4_4&Prime; _builder_version=\u00a0\u00bb4.27.4&Prime; _module_preset=\u00a0\u00bbdefault\u00a0\u00bb global_colors_info=\u00a0\u00bb{}\u00a0\u00bb theme_builder_area=\u00a0\u00bbpost_content\u00a0\u00bb][et_pb_text _builder_version=\u00a0\u00bb4.27.4&Prime; _module_preset=\u00a0\u00bbdefault\u00a0\u00bb header_font=\u00a0\u00bbOswald||||||||\u00a0\u00bb header_text_color=\u00a0\u00bb#000000&Prime; header_font_size=\u00a0\u00bb33px\u00a0\u00bb hover_enabled=\u00a0\u00bb0&Prime; global_colors_info=\u00a0\u00bb{}\u00a0\u00bb theme_builder_area=\u00a0\u00bbpost_content\u00a0\u00bb sticky_enabled=\u00a0\u00bb0&Prime;]<\/p>\n<h1 style=\"text-align: center;\">Formation en marketing digital<\/h1>\n<p>[\/et_pb_text][et_pb_text _builder_version=\u00a0\u00bb4.27.4&Prime; _module_preset=\u00a0\u00bbdefault\u00a0\u00bb text_font=\u00a0\u00bbRoboto||||||||\u00a0\u00bb text_text_color=\u00a0\u00bb#000000&Prime; text_font_size=\u00a0\u00bb16px\u00a0\u00bb hover_enabled=\u00a0\u00bb0&Prime; global_colors_info=\u00a0\u00bb{}\u00a0\u00bb theme_builder_area=\u00a0\u00bbpost_content\u00a0\u00bb sticky_enabled=\u00a0\u00bb0&Prime;]<\/p>\n<p><span>Une agence de marketing num\u00e9rique propose diverses <\/span><strong><span>formations<\/span><\/strong><span> pour aider les entreprises et les professionnels \u00e0 ma\u00eetriser les outils et strat\u00e9gies du num\u00e9rique. <\/span><\/p>\n<p><span>Ces formations couvrent des domaines cl\u00e9s tels que le <\/span><strong><span>r\u00e9f\u00e9rencement SEO et SEA<\/span><\/strong><span> , la <\/span><strong><span>gestion des r\u00e9seaux sociaux<\/span><\/strong><span> , la <\/span><strong><span>publicit\u00e9 en ligne<\/span><\/strong><span> , l&rsquo; <\/span><strong><span>email marketing<\/span><\/strong><span> ou encore l&rsquo; <\/span><strong><span>analyse des performances web<\/span><\/strong><span> . Adapt\u00e9es aux besoins des participants, elles peuvent \u00eatre dispens\u00e9es en pr\u00e9sentiel ou en ligne, sous forme d&rsquo;ateliers pratiques ou de formations certifiantes. <\/span><\/p>\n<p><span>L&rsquo;objectif est de permettre aux entreprises d&rsquo;am\u00e9liorer leur pr\u00e9sence num\u00e9rique et d&rsquo;optimiser leur strat\u00e9gie marketing pour obtenir de meilleurs r\u00e9sultats.<\/span><\/p>\n<p>[\/et_pb_text][\/et_pb_column][\/et_pb_row][et_pb_row _builder_version=\u00a0\u00bb4.27.4&Prime; _module_preset=\u00a0\u00bbdefault\u00a0\u00bb custom_margin=\u00a0\u00bb|53px|||false|false\u00a0\u00bb global_colors_info=\u00a0\u00bb{}\u00a0\u00bb theme_builder_area=\u00a0\u00bbpost_content\u00a0\u00bb][et_pb_column type=\u00a0\u00bb4_4&Prime; _builder_version=\u00a0\u00bb4.27.4&Prime; _module_preset=\u00a0\u00bbdefault\u00a0\u00bb global_colors_info=\u00a0\u00bb{}\u00a0\u00bb theme_builder_area=\u00a0\u00bbpost_content\u00a0\u00bb][et_pb_image src=\u00a0\u00bbhttps:\/\/www.ramipub.net\/wp-content\/uploads\/2025\/02\/formation-marketing-digital.jpg\u00a0\u00bb alt=\u00a0\u00bbformation-marketing-digital\u00a0\u00bb title_text=\u00a0\u00bbformation-marketing-digital\u00a0\u00bb align=\u00a0\u00bbcenter\u00a0\u00bb _builder_version=\u00a0\u00bb4.27.4&Prime; _module_preset=\u00a0\u00bbdefault\u00a0\u00bb custom_margin=\u00a0\u00bb|192px||||\u00a0\u00bb custom_padding=\u00a0\u00bb|||0px||\u00a0\u00bb hover_enabled=\u00a0\u00bb0&Prime; global_colors_info=\u00a0\u00bb{}\u00a0\u00bb theme_builder_area=\u00a0\u00bbpost_content\u00a0\u00bb sticky_enabled=\u00a0\u00bb0&Prime;][\/et_pb_image][\/et_pb_column][\/et_pb_row][et_pb_row _builder_version=\u00a0\u00bb4.27.4&Prime; _module_preset=\u00a0\u00bbdefault\u00a0\u00bb global_colors_info=\u00a0\u00bb{}\u00a0\u00bb theme_builder_area=\u00a0\u00bbpost_content\u00a0\u00bb][et_pb_column type=\u00a0\u00bb4_4&Prime; _builder_version=\u00a0\u00bb4.27.4&Prime; _module_preset=\u00a0\u00bbdefault\u00a0\u00bb global_colors_info=\u00a0\u00bb{}\u00a0\u00bb theme_builder_area=\u00a0\u00bbpost_content\u00a0\u00bb][et_pb_text _builder_version=\u00a0\u00bb4.27.4&Prime; _module_preset=\u00a0\u00bbdefault\u00a0\u00bb text_font=\u00a0\u00bbRoboto||||||||\u00a0\u00bb text_text_color=\u00a0\u00bb#000000&Prime; text_font_size=\u00a0\u00bb16px\u00a0\u00bb header_2_font=\u00a0\u00bbOswald||||||||\u00a0\u00bb header_2_text_color=\u00a0\u00bb#000000&Prime; header_3_font=\u00a0\u00bbOswald||||||||\u00a0\u00bb header_3_text_color=\u00a0\u00bb#000000&Prime; hover_enabled=\u00a0\u00bb0&Prime; global_colors_info=\u00a0\u00bb{}\u00a0\u00bb theme_builder_area=\u00a0\u00bbpost_content\u00a0\u00bb sticky_enabled=\u00a0\u00bb0&Prime;]<\/p>\n<h2>Quelles sont toutes les formations qu\u2019une agence de marketing digital peut proposer ?<\/h2>\n<p>Dans un monde o\u00f9 le digital est devenu incontournable, les entreprises et les professionnels cherchent \u00e0 d\u00e9velopper leurs comp\u00e9tences en marketing digital. Pour r\u00e9pondre \u00e0 cette demande croissante, les agences de marketing digital proposent une large gamme de formations adapt\u00e9es \u00e0 diff\u00e9rents niveaux et besoins. Voici un tour d\u2019horizon des principales formations offertes par ces agences.<\/p>\n<h3>1. Formation en SEO (Search Engine Optimization)<\/h3>\n<p>Le r\u00e9f\u00e9rencement naturel est essentiel pour am\u00e9liorer la visibilit\u00e9 d\u2019un site sur les moteurs de recherche. Une formation SEO couvre :<\/p>\n<ul>\n<li>Les bases du r\u00e9f\u00e9rencement naturel,<\/li>\n<li>L\u2019optimisation technique d\u2019un site,<\/li>\n<li>La recherche de mots-cl\u00e9s et le content marketing,<\/li>\n<li>La strat\u00e9gie de netlinking et le suivi des performances SEO.<\/li>\n<\/ul>\n<h3>2. Formation en SEA (Search Engine Advertising)<\/h3>\n<p>Le SEA permet de gagner rapidement en visibilit\u00e9 gr\u00e2ce \u00e0 la publicit\u00e9 payante sur Google Ads et Bing Ads. Cette formation inclut :<\/p>\n<ul>\n<li>La cr\u00e9ation et la gestion des campagnes publicitaires,<\/li>\n<li>Le ciblage et l\u2019optimisation des ench\u00e8res,<\/li>\n<li>L\u2019analyse des performances et le suivi des conversions,<\/li>\n<li>Le remarketing et les bonnes pratiques d\u2019optimisation.<\/li>\n<\/ul>\n<h3>3. Formation en Social Media Marketing<\/h3>\n<p>Les r\u00e9seaux sociaux sont un levier puissant pour interagir avec son audience. Une formation en social media couvre :<\/p>\n<ul>\n<li>La strat\u00e9gie de communication sur Facebook, Instagram, LinkedIn, TikTok, etc.,<\/li>\n<li>La cr\u00e9ation et la gestion de contenus engageants,<\/li>\n<li>Les campagnes publicitaires sur les r\u00e9seaux sociaux,<\/li>\n<li>L\u2019analyse des performances et le community management.<\/li>\n<\/ul>\n<h3>4. Formation en Email Marketing et Automation<\/h3>\n<p>L\u2019email marketing reste un outil performant pour la conversion et la fid\u00e9lisation des clients. Cette formation comprend :<\/p>\n<ul>\n<li>La conception d\u2019une strat\u00e9gie d\u2019emailing efficace,<\/li>\n<li>La segmentation et l\u2019automatisation des campagnes,<\/li>\n<li>La cr\u00e9ation de newsletters attractives,<\/li>\n<li>L\u2019analyse des taux d\u2019ouverture et de conversion.<\/li>\n<\/ul>\n<h3>5. Formation en Content Marketing et R\u00e9daction Web<\/h3>\n<p>Le contenu est roi dans le marketing digital. Cette formation aide \u00e0 :<\/p>\n<ul>\n<li>Cr\u00e9er du contenu engageant et optimis\u00e9 pour le SEO,<\/li>\n<li>Ma\u00eetriser les techniques de storytelling,<\/li>\n<li>G\u00e9rer un blog et une strat\u00e9gie de contenu,<\/li>\n<li>Utiliser les outils de veille et de planification.<\/li>\n<\/ul>\n<h3>6. Formation en Analytics et Data Marketing<\/h3>\n<p>L\u2019analyse des donn\u00e9es est cruciale pour ajuster les strat\u00e9gies digitales. Cette formation inclut :<\/p>\n<ul>\n<li>L\u2019utilisation de Google Analytics et Google Tag Manager,<\/li>\n<li>L\u2019interpr\u00e9tation des KPIs et des tableaux de bord,<\/li>\n<li>L\u2019analyse des parcours clients et du ROI,<\/li>\n<li>La mise en place de tests A\/B et d\u2019optimisations bas\u00e9es sur les donn\u00e9es.<\/li>\n<\/ul>\n<h3>7. Formation en Growth Hacking et Strat\u00e9gies Avanc\u00e9es<\/h3>\n<p>Pour les entreprises cherchant \u00e0 acc\u00e9l\u00e9rer leur croissance, cette formation propose :<\/p>\n<ul>\n<li>Les principes du growth hacking,<\/li>\n<li>L\u2019acquisition et la r\u00e9tention de clients,<\/li>\n<li>Les techniques d\u2019automatisation marketing,<\/li>\n<li>Les outils avanc\u00e9s pour booster la performance digitale.<\/li>\n<\/ul>\n<h3>8. Formation en E-commerce et Marketplaces<\/h3>\n<p>Les formations e-commerce sont id\u00e9ales pour optimiser une boutique en ligne. Elles couvrent :<\/p>\n<ul>\n<li>La cr\u00e9ation et l\u2019optimisation d\u2019un site e-commerce,<\/li>\n<li>Le r\u00e9f\u00e9rencement et la publicit\u00e9 pour e-commerce,<\/li>\n<li>La gestion des marketplaces comme Amazon et eBay,<\/li>\n<li>Les techniques pour am\u00e9liorer le taux de conversion.<\/li>\n<\/ul>\n<p>Une agence de marketing digital peut proposer une vari\u00e9t\u00e9 de formations pour aider les entreprises et les professionnels \u00e0 am\u00e9liorer leurs comp\u00e9tences en marketing en ligne. Que ce soit pour le SEO, la publicit\u00e9 en ligne, le social media ou encore l\u2019analyse des donn\u00e9es, ces formations permettent d\u2019acqu\u00e9rir des connaissances strat\u00e9giques et op\u00e9rationnelles pour r\u00e9ussir dans le digital.<\/p>\n<p>[\/et_pb_text][\/et_pb_column][\/et_pb_row][et_pb_row _builder_version=\u00a0\u00bb4.27.4&Prime; _module_preset=\u00a0\u00bbdefault\u00a0\u00bb custom_margin=\u00a0\u00bb|53px|||false|false\u00a0\u00bb global_colors_info=\u00a0\u00bb{}\u00a0\u00bb theme_builder_area=\u00a0\u00bbpost_content\u00a0\u00bb][et_pb_column type=\u00a0\u00bb4_4&Prime; _builder_version=\u00a0\u00bb4.27.4&Prime; _module_preset=\u00a0\u00bbdefault\u00a0\u00bb global_colors_info=\u00a0\u00bb{}\u00a0\u00bb theme_builder_area=\u00a0\u00bbpost_content\u00a0\u00bb][et_pb_image src=\u00a0\u00bbhttps:\/\/www.ramipub.net\/wp-content\/uploads\/2025\/02\/marketing-digital-formation.png\u00a0\u00bb alt=\u00a0\u00bbmarketing-digital-formation\u00a0\u00bb title_text=\u00a0\u00bbmarketing-digital-formation\u00a0\u00bb align=\u00a0\u00bbcenter\u00a0\u00bb _builder_version=\u00a0\u00bb4.27.4&Prime; _module_preset=\u00a0\u00bbdefault\u00a0\u00bb custom_margin=\u00a0\u00bb|192px||||\u00a0\u00bb custom_padding=\u00a0\u00bb|||0px||\u00a0\u00bb hover_enabled=\u00a0\u00bb0&Prime; global_colors_info=\u00a0\u00bb{}\u00a0\u00bb theme_builder_area=\u00a0\u00bbpost_content\u00a0\u00bb sticky_enabled=\u00a0\u00bb0&Prime;][\/et_pb_image][\/et_pb_column][\/et_pb_row][et_pb_row _builder_version=\u00a0\u00bb4.27.4&Prime; _module_preset=\u00a0\u00bbdefault\u00a0\u00bb global_colors_info=\u00a0\u00bb{}\u00a0\u00bb theme_builder_area=\u00a0\u00bbpost_content\u00a0\u00bb][et_pb_column type=\u00a0\u00bb4_4&Prime; _builder_version=\u00a0\u00bb4.27.4&Prime; _module_preset=\u00a0\u00bbdefault\u00a0\u00bb global_colors_info=\u00a0\u00bb{}\u00a0\u00bb theme_builder_area=\u00a0\u00bbpost_content\u00a0\u00bb][et_pb_text _builder_version=\u00a0\u00bb4.27.4&Prime; _module_preset=\u00a0\u00bbdefault\u00a0\u00bb text_font=\u00a0\u00bbRoboto||||||||\u00a0\u00bb text_text_color=\u00a0\u00bb#000000&Prime; text_font_size=\u00a0\u00bb16px\u00a0\u00bb header_2_font=\u00a0\u00bbOswald||||||||\u00a0\u00bb header_2_text_color=\u00a0\u00bb#000000&Prime; header_3_font=\u00a0\u00bbOswald||||||||\u00a0\u00bb header_3_text_color=\u00a0\u00bb#000000&Prime; hover_enabled=\u00a0\u00bb0&Prime; global_colors_info=\u00a0\u00bb{}\u00a0\u00bb theme_builder_area=\u00a0\u00bbpost_content\u00a0\u00bb sticky_enabled=\u00a0\u00bb0&Prime;]<\/p>\n<h2>Pourquoi choisir Ramipub\u00a0?<\/h2>\n<p>Une agence de marketing num\u00e9rique se distingue par son expertise sp\u00e9cialis\u00e9e, son approche strat\u00e9gique globale et sa capacit\u00e9 \u00e0 g\u00e9n\u00e9rer des r\u00e9sultats mesurables pour les entreprises.\u00a0Voici les principaux \u00e9l\u00e9ments qui rendent Ramipub unique :<\/p>\n<h3>Expertise et comp\u00e9tences sp\u00e9cialis\u00e9es<\/h3>\n<p>Les agences de marketing digital sont compos\u00e9es de professionnels exp\u00e9riment\u00e9s et inform\u00e9s des derni\u00e8res tendances et techniques de marketing digital . Elles permettent une compr\u00e9hension approfondie des diverses plateformes et canaux, ce qui aide les entreprises \u00e0 atteindre leurs objectifs de mani\u00e8re plus efficace.<\/p>\n<h3>Suivi des derni\u00e8res tendances<\/h3>\n<p>Une agence num\u00e9rique ma\u00eetrise l&rsquo;actualit\u00e9 en ce qui concerne la gestion des r\u00e9seaux sociaux, la cr\u00e9ation de visuels, l&#8217;emailing et la mise en \u0153uvre de liens sponsoris\u00e9s . Cela permet aux entreprises de b\u00e9n\u00e9ficier des mises \u00e0 jour constantes et de rester comp\u00e9titives.<\/p>\n<h3>Approche globale et personnalis\u00e9e<\/h3>\n<p>Contrairement \u00e0 une approche fragment\u00e9e, une agence num\u00e9rique offre diff\u00e9rentes solutions num\u00e9riques en tenant compte de l&rsquo;\u00e9cosyst\u00e8me web global. Elle aide les entreprises \u00e0 identifier leurs opportunit\u00e9s et les guide pour encadrer leurs efforts et obtenir des r\u00e9sultats concrets.<\/p>\n<h3>Gain de temps et recentrage sur le c\u0153ur de m\u00e9tier<\/h3>\n<p>En confiant leurs activit\u00e9s en ligne \u00e0 une agence web, les entreprises peuvent d\u00e9l\u00e9guer les t\u00e2ches strat\u00e9giques et techniques et se concentrer sur la croissance de leur entreprise.\u00a0Cela permet de lib\u00e9rer du temps pour am\u00e9liorer les produits, les services et la relation client.<\/p>\n<h3>Gestion budg\u00e9taire efficace<\/h3>\n<p>Une agence num\u00e9rique d\u00e9finit un budget plafond et examine les objectifs de l&rsquo;entreprise, d\u00e9pensant judicieusement les ressources pour fournir les r\u00e9sultats recherch\u00e9s. Elle offre des options et des tarifs adapt\u00e9s aux besoins et au budget de chaque entreprise, y compris les petites entreprises.<\/p>\n<h3>Acc\u00e8s \u00e0 des outils et ressources avanc\u00e9es<\/h3>\n<p>Les agences num\u00e9riques disposant d&rsquo;outils et de ressources marketing auxquelles les petites entreprises n&rsquo;ont souvent pas acc\u00e8s. Elles ont \u00e9galement des tarifs pr\u00e9-n\u00e9goci\u00e9s avec les plateformes d&rsquo;achat de m\u00e9dias et les partenaires de donn\u00e9es, ce qui permet de r\u00e9aliser des \u00e9conomies.<\/p>\n<h3>Mesure et analyse des r\u00e9sultats<\/h3>\n<p>Une agence de marketing digital suit et mesure les r\u00e9sultats des campagnes, ce qui permet de comprendre ce qui fonctionne et ce qui doit \u00eatre am\u00e9lior\u00e9.\u00a0Cette capacit\u00e9 d&rsquo;analyse permet une optimisation continue des strat\u00e9gies marketing.<\/p>\n<h3>\u00c9quipe d\u00e9di\u00e9e et flexible<\/h3>\n<p>Une agence num\u00e9rique dispose d&rsquo;une \u00e9quipe de sp\u00e9cialistes en interne qui sont affect\u00e9s au compte de l&rsquo;entreprise en fonction de ses besoins. Cela permet de ne payer que pour les ressources n\u00e9cessaires, au lieu d&#8217;embaucher une \u00e9quipe \u00e0 temps plein.<\/p>\n<p>[\/et_pb_text][\/et_pb_column][\/et_pb_row][\/et_pb_section]<\/p>\n","protected":false},"excerpt":{"rendered":"<p>Formation en marketing digitalUne agence de marketing num\u00e9rique propose diverses formations pour aider les entreprises et les professionnels \u00e0 ma\u00eetriser les outils et strat\u00e9gies du num\u00e9rique. Ces formations couvrent des domaines cl\u00e9s tels que le r\u00e9f\u00e9rencement SEO et SEA , la gestion des r\u00e9seaux sociaux , la publicit\u00e9 en ligne , l&rsquo; email marketing ou [&hellip;]<\/p>\n","protected":false},"author":1,"featured_media":0,"parent":0,"menu_order":0,"comment_status":"closed","ping_status":"closed","template":"","meta":{"_et_pb_use_builder":"on","_et_pb_old_content":"","_et_gb_content_width":"","footnotes":""},"class_list":["post-132","page","type-page","status-publish","hentry"],"yoast_head":"<!-- This site is optimized with the Yoast SEO plugin v27.4 - https:\/\/yoast.com\/product\/yoast-seo-wordpress\/ -->\n<title>Formation en marketing digital : faites le bon choix !<\/title>\n<meta name=\"description\" content=\"Formation. D\u00e9couvrez toutes les formations qu&#039;une agence de marketing digital peut vous apporter en tant qu&#039;entreprise en pleine \u00e9volution.\" \/>\n<meta name=\"robots\" content=\"index, follow, max-snippet:-1, max-image-preview:large, max-video-preview:-1\" \/>\n<link rel=\"canonical\" href=\"https:\/\/www.ramipub.net\/?page_id=132\" \/>\n<meta property=\"og:locale\" content=\"fr_FR\" \/>\n<meta property=\"og:type\" content=\"article\" \/>\n<meta property=\"og:title\" content=\"Formation en marketing digital : faites le bon choix !\" \/>\n<meta property=\"og:description\" content=\"Formation. D\u00e9couvrez toutes les formations qu&#039;une agence de marketing digital peut vous apporter en tant qu&#039;entreprise en pleine \u00e9volution.\" \/>\n<meta property=\"og:url\" content=\"https:\/\/www.ramipub.net\/?page_id=132\" \/>\n<meta property=\"og:site_name\" content=\"ramipub.net\" \/>\n<meta property=\"article:publisher\" content=\"https:\/\/www.facebook.com\/profile.php?id=100063576895276&amp;sk=about\" \/>\n<meta property=\"article:modified_time\" content=\"2025-02-10T17:18:59+00:00\" \/>\n<meta name=\"twitter:card\" content=\"summary_large_image\" \/>\n<script type=\"application\/ld+json\" class=\"yoast-schema-graph\">{\"@context\":\"https:\\\/\\\/schema.org\",\"@graph\":[{\"@type\":\"WebPage\",\"@id\":\"https:\\\/\\\/www.ramipub.net\\\/?page_id=132\",\"url\":\"https:\\\/\\\/www.ramipub.net\\\/?page_id=132\",\"name\":\"Formation en marketing digital : faites le bon choix !\",\"isPartOf\":{\"@id\":\"https:\\\/\\\/www.ramipub.net\\\/#website\"},\"datePublished\":\"2025-02-10T17:10:59+00:00\",\"dateModified\":\"2025-02-10T17:18:59+00:00\",\"description\":\"Formation. D\u00e9couvrez toutes les formations qu'une agence de marketing digital peut vous apporter en tant qu'entreprise en pleine \u00e9volution.\",\"breadcrumb\":{\"@id\":\"https:\\\/\\\/www.ramipub.net\\\/?page_id=132#breadcrumb\"},\"inLanguage\":\"fr-FR\",\"potentialAction\":[{\"@type\":\"ReadAction\",\"target\":[\"https:\\\/\\\/www.ramipub.net\\\/?page_id=132\"]}]},{\"@type\":\"BreadcrumbList\",\"@id\":\"https:\\\/\\\/www.ramipub.net\\\/?page_id=132#breadcrumb\",\"itemListElement\":[{\"@type\":\"ListItem\",\"position\":1,\"name\":\"Accueil\",\"item\":\"https:\\\/\\\/www.ramipub.net\\\/\"},{\"@type\":\"ListItem\",\"position\":2,\"name\":\"Formation\"}]},{\"@type\":\"WebSite\",\"@id\":\"https:\\\/\\\/www.ramipub.net\\\/#website\",\"url\":\"https:\\\/\\\/www.ramipub.net\\\/\",\"name\":\"ramipub.net\",\"description\":\"Ramipub est une plateforme d&eacute;di&eacute;e enti&eacute;rement au marketing digital et au r&eacute;ferencement naturel SEO et SEA\",\"potentialAction\":[{\"@type\":\"SearchAction\",\"target\":{\"@type\":\"EntryPoint\",\"urlTemplate\":\"https:\\\/\\\/www.ramipub.net\\\/?s={search_term_string}\"},\"query-input\":{\"@type\":\"PropertyValueSpecification\",\"valueRequired\":true,\"valueName\":\"search_term_string\"}}],\"inLanguage\":\"fr-FR\"}]}<\/script>\n<!-- \/ Yoast SEO plugin. -->","yoast_head_json":{"title":"Formation en marketing digital : faites le bon choix !","description":"Formation. D\u00e9couvrez toutes les formations qu'une agence de marketing digital peut vous apporter en tant qu'entreprise en pleine \u00e9volution.","robots":{"index":"index","follow":"follow","max-snippet":"max-snippet:-1","max-image-preview":"max-image-preview:large","max-video-preview":"max-video-preview:-1"},"canonical":"https:\/\/www.ramipub.net\/?page_id=132","og_locale":"fr_FR","og_type":"article","og_title":"Formation en marketing digital : faites le bon choix !","og_description":"Formation. D\u00e9couvrez toutes les formations qu'une agence de marketing digital peut vous apporter en tant qu'entreprise en pleine \u00e9volution.","og_url":"https:\/\/www.ramipub.net\/?page_id=132","og_site_name":"ramipub.net","article_publisher":"https:\/\/www.facebook.com\/profile.php?id=100063576895276&sk=about","article_modified_time":"2025-02-10T17:18:59+00:00","twitter_card":"summary_large_image","schema":{"@context":"https:\/\/schema.org","@graph":[{"@type":"WebPage","@id":"https:\/\/www.ramipub.net\/?page_id=132","url":"https:\/\/www.ramipub.net\/?page_id=132","name":"Formation en marketing digital : faites le bon choix !","isPartOf":{"@id":"https:\/\/www.ramipub.net\/#website"},"datePublished":"2025-02-10T17:10:59+00:00","dateModified":"2025-02-10T17:18:59+00:00","description":"Formation. D\u00e9couvrez toutes les formations qu'une agence de marketing digital peut vous apporter en tant qu'entreprise en pleine \u00e9volution.","breadcrumb":{"@id":"https:\/\/www.ramipub.net\/?page_id=132#breadcrumb"},"inLanguage":"fr-FR","potentialAction":[{"@type":"ReadAction","target":["https:\/\/www.ramipub.net\/?page_id=132"]}]},{"@type":"BreadcrumbList","@id":"https:\/\/www.ramipub.net\/?page_id=132#breadcrumb","itemListElement":[{"@type":"ListItem","position":1,"name":"Accueil","item":"https:\/\/www.ramipub.net\/"},{"@type":"ListItem","position":2,"name":"Formation"}]},{"@type":"WebSite","@id":"https:\/\/www.ramipub.net\/#website","url":"https:\/\/www.ramipub.net\/","name":"ramipub.net","description":"Ramipub est une plateforme d&eacute;di&eacute;e enti&eacute;rement au marketing digital et au r&eacute;ferencement naturel SEO et SEA","potentialAction":[{"@type":"SearchAction","target":{"@type":"EntryPoint","urlTemplate":"https:\/\/www.ramipub.net\/?s={search_term_string}"},"query-input":{"@type":"PropertyValueSpecification","valueRequired":true,"valueName":"search_term_string"}}],"inLanguage":"fr-FR"}]}},"_links":{"self":[{"href":"https:\/\/www.ramipub.net\/index.php?rest_route=\/wp\/v2\/pages\/132","targetHints":{"allow":["GET"]}}],"collection":[{"href":"https:\/\/www.ramipub.net\/index.php?rest_route=\/wp\/v2\/pages"}],"about":[{"href":"https:\/\/www.ramipub.net\/index.php?rest_route=\/wp\/v2\/types\/page"}],"author":[{"embeddable":true,"href":"https:\/\/www.ramipub.net\/index.php?rest_route=\/wp\/v2\/users\/1"}],"replies":[{"embeddable":true,"href":"https:\/\/www.ramipub.net\/index.php?rest_route=%2Fwp%2Fv2%2Fcomments&post=132"}],"version-history":[{"count":6,"href":"https:\/\/www.ramipub.net\/index.php?rest_route=\/wp\/v2\/pages\/132\/revisions"}],"predecessor-version":[{"id":142,"href":"https:\/\/www.ramipub.net\/index.php?rest_route=\/wp\/v2\/pages\/132\/revisions\/142"}],"wp:attachment":[{"href":"https:\/\/www.ramipub.net\/index.php?rest_route=%2Fwp%2Fv2%2Fmedia&parent=132"}],"curies":[{"name":"wp","href":"https:\/\/api.w.org\/{rel}","templated":true}]}}