{"id":145,"date":"2025-02-11T16:21:39","date_gmt":"2025-02-11T16:21:39","guid":{"rendered":"https:\/\/www.ramipub.net\/?page_id=145"},"modified":"2025-02-11T16:38:51","modified_gmt":"2025-02-11T16:38:51","slug":"applications-mobile","status":"publish","type":"page","link":"https:\/\/www.ramipub.net\/?page_id=145","title":{"rendered":"Applications Mobile"},"content":{"rendered":"<p>[et_pb_section fb_built=\u00a0\u00bb1&Prime; _builder_version=\u00a0\u00bb4.27.4&Prime; _module_preset=\u00a0\u00bbdefault\u00a0\u00bb global_colors_info=\u00a0\u00bb{}\u00a0\u00bb theme_builder_area=\u00a0\u00bbpost_content\u00a0\u00bb][et_pb_row _builder_version=\u00a0\u00bb4.27.4&Prime; _module_preset=\u00a0\u00bbdefault\u00a0\u00bb global_colors_info=\u00a0\u00bb{}\u00a0\u00bb theme_builder_area=\u00a0\u00bbpost_content\u00a0\u00bb][et_pb_column type=\u00a0\u00bb4_4&Prime; _builder_version=\u00a0\u00bb4.27.4&Prime; _module_preset=\u00a0\u00bbdefault\u00a0\u00bb global_colors_info=\u00a0\u00bb{}\u00a0\u00bb theme_builder_area=\u00a0\u00bbpost_content\u00a0\u00bb][et_pb_text _builder_version=\u00a0\u00bb4.27.4&Prime; _module_preset=\u00a0\u00bbdefault\u00a0\u00bb header_font=\u00a0\u00bbOswald||||||||\u00a0\u00bb header_text_color=\u00a0\u00bb#000000&Prime; header_font_size=\u00a0\u00bb33px\u00a0\u00bb hover_enabled=\u00a0\u00bb0&Prime; global_colors_info=\u00a0\u00bb{}\u00a0\u00bb theme_builder_area=\u00a0\u00bbpost_content\u00a0\u00bb sticky_enabled=\u00a0\u00bb0&Prime;]<\/p>\n<h1 style=\"text-align: center;\">Applications mobile<\/h1>\n<p>[\/et_pb_text][et_pb_text _builder_version=\u00a0\u00bb4.27.4&Prime; _module_preset=\u00a0\u00bbdefault\u00a0\u00bb text_font=\u00a0\u00bbRoboto||||||||\u00a0\u00bb text_text_color=\u00a0\u00bb#000000&Prime; text_font_size=\u00a0\u00bb16px\u00a0\u00bb hover_enabled=\u00a0\u00bb0&Prime; global_colors_info=\u00a0\u00bb{}\u00a0\u00bb theme_builder_area=\u00a0\u00bbpost_content\u00a0\u00bb sticky_enabled=\u00a0\u00bb0&Prime;]<\/p>\n<p>Les <strong data-start=\"4\" data-end=\"28\">applications mobiles<\/strong> jouent un r\u00f4le cl\u00e9 dans le marketing digital en offrant aux entreprises un canal direct et interactif pour toucher leur audience. Gr\u00e2ce aux notifications push, \u00e0 la personnalisation du contenu et \u00e0 l\u2019exp\u00e9rience utilisateur optimis\u00e9e, elles permettent de fid\u00e9liser les clients et d\u2019augmenter l\u2019engagement.<\/p>\n<p>En int\u00e9grant des strat\u00e9gies comme le <strong data-start=\"371\" data-end=\"385\">m-commerce<\/strong>, le <strong data-start=\"390\" data-end=\"415\">marketing g\u00e9olocalis\u00e9<\/strong> ou les <strong data-start=\"423\" data-end=\"449\">programmes de fid\u00e9lit\u00e9<\/strong>, les applications mobiles renforcent la relation client et favorisent les conversions. Dans un monde de plus en plus mobile-first, elles sont devenues un levier incontournable pour toute strat\u00e9gie digitale performante.<\/p>\n<p>[\/et_pb_text][\/et_pb_column][\/et_pb_row][et_pb_row _builder_version=\u00a0\u00bb4.27.4&Prime; _module_preset=\u00a0\u00bbdefault\u00a0\u00bb custom_margin=\u00a0\u00bb|53px|||false|false\u00a0\u00bb global_colors_info=\u00a0\u00bb{}\u00a0\u00bb theme_builder_area=\u00a0\u00bbpost_content\u00a0\u00bb][et_pb_column type=\u00a0\u00bb4_4&Prime; _builder_version=\u00a0\u00bb4.27.4&Prime; _module_preset=\u00a0\u00bbdefault\u00a0\u00bb global_colors_info=\u00a0\u00bb{}\u00a0\u00bb theme_builder_area=\u00a0\u00bbpost_content\u00a0\u00bb][et_pb_image src=\u00a0\u00bbhttps:\/\/www.ramipub.net\/wp-content\/uploads\/2025\/02\/application-mobile.jpg\u00a0\u00bb alt=\u00a0\u00bbapplication-mobile\u00a0\u00bb title_text=\u00a0\u00bbapplication-mobile\u00a0\u00bb align=\u00a0\u00bbcenter\u00a0\u00bb _builder_version=\u00a0\u00bb4.27.4&Prime; _module_preset=\u00a0\u00bbdefault\u00a0\u00bb custom_margin=\u00a0\u00bb|192px||||\u00a0\u00bb custom_padding=\u00a0\u00bb|||0px||\u00a0\u00bb hover_enabled=\u00a0\u00bb0&Prime; global_colors_info=\u00a0\u00bb{}\u00a0\u00bb theme_builder_area=\u00a0\u00bbpost_content\u00a0\u00bb sticky_enabled=\u00a0\u00bb0&Prime;][\/et_pb_image][\/et_pb_column][\/et_pb_row][et_pb_row _builder_version=\u00a0\u00bb4.27.4&Prime; _module_preset=\u00a0\u00bbdefault\u00a0\u00bb global_colors_info=\u00a0\u00bb{}\u00a0\u00bb theme_builder_area=\u00a0\u00bbpost_content\u00a0\u00bb][et_pb_column type=\u00a0\u00bb4_4&Prime; _builder_version=\u00a0\u00bb4.27.4&Prime; _module_preset=\u00a0\u00bbdefault\u00a0\u00bb global_colors_info=\u00a0\u00bb{}\u00a0\u00bb theme_builder_area=\u00a0\u00bbpost_content\u00a0\u00bb][et_pb_text _builder_version=\u00a0\u00bb4.27.4&Prime; _module_preset=\u00a0\u00bbdefault\u00a0\u00bb text_font=\u00a0\u00bbRoboto||||||||\u00a0\u00bb text_text_color=\u00a0\u00bb#000000&Prime; text_font_size=\u00a0\u00bb16px\u00a0\u00bb header_2_font=\u00a0\u00bbOswald||||||||\u00a0\u00bb header_2_text_color=\u00a0\u00bb#000000&Prime; header_3_font=\u00a0\u00bbOswald||||||||\u00a0\u00bb header_3_text_color=\u00a0\u00bb#000000&Prime; hover_enabled=\u00a0\u00bb0&Prime; global_colors_info=\u00a0\u00bb{}\u00a0\u00bb theme_builder_area=\u00a0\u00bbpost_content\u00a0\u00bb sticky_enabled=\u00a0\u00bb0&Prime;]<\/p>\n<h2>Quelle est l&rsquo;importance des applications mobile pour les entreprises dans le monde du marketing digital ?<\/h2>\n<p>&nbsp;<\/p>\n<p>[\/et_pb_text][\/et_pb_column][\/et_pb_row][et_pb_row _builder_version=\u00a0\u00bb4.27.4&Prime; _module_preset=\u00a0\u00bbdefault\u00a0\u00bb hover_enabled=\u00a0\u00bb0&Prime; global_colors_info=\u00a0\u00bb{}\u00a0\u00bb column_structure=\u00a0\u00bb3_5,2_5&Prime; theme_builder_area=\u00a0\u00bbpost_content\u00a0\u00bb sticky_enabled=\u00a0\u00bb0&Prime; custom_margin=\u00a0\u00bb-44px|auto||auto||\u00a0\u00bb][et_pb_column type=\u00a0\u00bb3_5&Prime; _builder_version=\u00a0\u00bb4.27.4&Prime; _module_preset=\u00a0\u00bbdefault\u00a0\u00bb global_colors_info=\u00a0\u00bb{}\u00a0\u00bb theme_builder_area=\u00a0\u00bbpost_content\u00a0\u00bb][et_pb_text _builder_version=\u00a0\u00bb4.27.4&Prime; _module_preset=\u00a0\u00bbdefault\u00a0\u00bb text_font=\u00a0\u00bbRoboto||||||||\u00a0\u00bb text_text_color=\u00a0\u00bb#000000&Prime; text_font_size=\u00a0\u00bb16px\u00a0\u00bb header_2_font=\u00a0\u00bbOswald||||||||\u00a0\u00bb header_2_text_color=\u00a0\u00bb#000000&Prime; header_3_font=\u00a0\u00bbOswald||||||||\u00a0\u00bb header_3_text_color=\u00a0\u00bb#000000&Prime; hover_enabled=\u00a0\u00bb0&Prime; global_colors_info=\u00a0\u00bb{}\u00a0\u00bb theme_builder_area=\u00a0\u00bbpost_content\u00a0\u00bb sticky_enabled=\u00a0\u00bb0&Prime;]<\/p>\n<p>Les applications mobiles sont devenues un outil indispensable dans le marketing digital moderne.\u00a0Elles offrent une plateforme unique et puissante pour les entreprises afin de se connecter directement avec leurs clients et prospects de mani\u00e8re plus personnelle et engageante. Voici plusieurs avantages cl\u00e9s des applications mobiles dans le marketing digital :<\/p>\n<h3>Am\u00e9lioration de l&rsquo;accessibilit\u00e9 et de la commodit\u00e9<\/h3>\n<p>Les clients peuvent facilement t\u00e9l\u00e9charger l&rsquo;application depuis l&rsquo;App Store ou Google Play pour acc\u00e9der rapidement aux informations sur l&rsquo;entreprise, ses produits et ses services.\u00a0L&rsquo;utilisation d&rsquo;une application mobile est souvent plus rapide et plus pratique que la navigation sur un site web.<\/p>\n<h3>Personnalisation accrue<\/h3>\n<p>Les applications mobiles permettent aux entreprises d&rsquo;adapter leur communication en fonction de leur public cible et de maximiser leur efficacit\u00e9 marketing.\u00a0Elles offrent une interface qui refl\u00e8te la marque et permettent de cr\u00e9er une exp\u00e9rience engageante et adapt\u00e9e \u00e0 l&rsquo;image de marque.<\/p>\n<h3>Engagement utilisateur am\u00e9lior\u00e9<\/h3>\n<p>Les applications offrent une meilleure exp\u00e9rience client en permettant aux utilisateurs d&rsquo;entrer dans l&rsquo;\u00e9cosyst\u00e8me de l&rsquo;entreprise et de d\u00e9velopper un contact direct avec elle.\u00a0Elles offrent \u00e9galement la possibilit\u00e9 de mettre en place des ressources telles que des chatbots ou des FAQ pour apporter des r\u00e9ponses rapides et pr\u00e9cises aux questions fr\u00e9quemment pos\u00e9es.<\/p>\n<h3>Fid\u00e9lisation de la client\u00e8le<\/h3>\n<p>Les applications mobiles sont un outil int\u00e9ressant pour les entreprises souhaitant am\u00e9liorer leur relation avec les consommateurs.\u00a0Elles permettent aux entreprises d&rsquo;\u00eatre constamment pr\u00e9sentes et accessibles sur le mobile de leurs consommateurs, renfor\u00e7ant ainsi la pr\u00e9sence de la marque dans leur quotidien.<\/p>\n<p>[\/et_pb_text][\/et_pb_column][et_pb_column type=\u00a0\u00bb2_5&Prime; _builder_version=\u00a0\u00bb4.27.4&Prime; _module_preset=\u00a0\u00bbdefault\u00a0\u00bb global_colors_info=\u00a0\u00bb{}\u00a0\u00bb theme_builder_area=\u00a0\u00bbpost_content\u00a0\u00bb][et_pb_image src=\u00a0\u00bbhttps:\/\/www.ramipub.net\/wp-content\/uploads\/2025\/02\/application-mobile-marketing-digital.jpg\u00a0\u00bb _builder_version=\u00a0\u00bb4.27.4&Prime; _module_preset=\u00a0\u00bbdefault\u00a0\u00bb theme_builder_area=\u00a0\u00bbpost_content\u00a0\u00bb alt=\u00a0\u00bbapplication-mobile-marketing-digital\u00a0\u00bb title_text=\u00a0\u00bbapplication-mobile-marketing-digital\u00a0\u00bb hover_enabled=\u00a0\u00bb0&Prime; sticky_enabled=\u00a0\u00bb0&Prime;][\/et_pb_image][\/et_pb_column][\/et_pb_row][et_pb_row _builder_version=\u00a0\u00bb4.27.4&Prime; _module_preset=\u00a0\u00bbdefault\u00a0\u00bb global_colors_info=\u00a0\u00bb{}\u00a0\u00bb theme_builder_area=\u00a0\u00bbpost_content\u00a0\u00bb][et_pb_column type=\u00a0\u00bb4_4&Prime; _builder_version=\u00a0\u00bb4.27.4&Prime; _module_preset=\u00a0\u00bbdefault\u00a0\u00bb global_colors_info=\u00a0\u00bb{}\u00a0\u00bb theme_builder_area=\u00a0\u00bbpost_content\u00a0\u00bb][et_pb_text _builder_version=\u00a0\u00bb4.27.4&Prime; _module_preset=\u00a0\u00bbdefault\u00a0\u00bb text_font=\u00a0\u00bbRoboto||||||||\u00a0\u00bb text_text_color=\u00a0\u00bb#000000&Prime; text_font_size=\u00a0\u00bb16px\u00a0\u00bb header_2_font=\u00a0\u00bbOswald||||||||\u00a0\u00bb header_2_text_color=\u00a0\u00bb#000000&Prime; header_3_font=\u00a0\u00bbOswald||||||||\u00a0\u00bb header_3_text_color=\u00a0\u00bb#000000&Prime; hover_enabled=\u00a0\u00bb0&Prime; global_colors_info=\u00a0\u00bb{}\u00a0\u00bb theme_builder_area=\u00a0\u00bbpost_content\u00a0\u00bb sticky_enabled=\u00a0\u00bb0&Prime; custom_margin=\u00a0\u00bb-27px|||||\u00a0\u00bb]<\/p>\n<h3>Collecte de donn\u00e9es cl\u00e9s<\/h3>\n<p>Les applications mobiles donnent acc\u00e8s aux donn\u00e9es cl\u00e9s sur les clients, permettant aux entreprises d&rsquo;en savoir plus sur leurs habitudes de consommation.\u00a0Gr\u00e2ce \u00e0 ces informations, les entreprises peuvent d\u00e9terminer ce qui convertit le plus et comprendre ce que leurs consommateurs pr\u00e9f\u00e8rent comme exp\u00e9rience.<\/p>\n<h3>Augmentation de la cr\u00e9dibilit\u00e9<\/h3>\n<p>L&rsquo;utilisation d&rsquo;une application mobile pour une entreprise peut grandement augmenter sa cr\u00e9dibilit\u00e9.\u00a0En offrant un service \u00e0 travers une application, l&rsquo;entreprise montre qu&rsquo;elle est \u00e0 jour avec les derni\u00e8res technologies et qu&rsquo;elle est pr\u00eate \u00e0 s&rsquo;adapter aux besoins de sa client\u00e8le.<\/p>\n<h3>Visibilit\u00e9 accrue<\/h3>\n<p>Cr\u00e9er une application mobile augment\u00e9e de mani\u00e8re significative la visibilit\u00e9 en ligne.\u00a0Pr\u00e8s de 70% des utilisateurs de t\u00e9l\u00e9phones mobiles passent leur temps sur des applications, ce qui offre une opportunit\u00e9 d&rsquo;augmenter la visibilit\u00e9 de la marque.<\/p>\n<p>De ce fait, les applications mobiles jouent un r\u00f4le essentiel dans le marketing digital en offrant des opportunit\u00e9s uniques pour engager les utilisateurs, personnaliser les exp\u00e9riences et renforcer la fid\u00e9lit\u00e9 des clients.\u00a0Les entreprises qui exploitent pleinement le potentiel des applications mobiles peuvent b\u00e9n\u00e9ficier d&rsquo;une relation plus \u00e9troite et plus productive avec leurs clients, conduisant \u00e0 une croissance et \u00e0 une rentabilit\u00e9 accrue.<\/p>\n<p>[\/et_pb_text][\/et_pb_column][\/et_pb_row][et_pb_row _builder_version=\u00a0\u00bb4.27.4&Prime; _module_preset=\u00a0\u00bbdefault\u00a0\u00bb custom_margin=\u00a0\u00bb|53px|||false|false\u00a0\u00bb global_colors_info=\u00a0\u00bb{}\u00a0\u00bb theme_builder_area=\u00a0\u00bbpost_content\u00a0\u00bb][et_pb_column type=\u00a0\u00bb4_4&Prime; _builder_version=\u00a0\u00bb4.27.4&Prime; _module_preset=\u00a0\u00bbdefault\u00a0\u00bb global_colors_info=\u00a0\u00bb{}\u00a0\u00bb theme_builder_area=\u00a0\u00bbpost_content\u00a0\u00bb][et_pb_image src=\u00a0\u00bbhttps:\/\/www.ramipub.net\/wp-content\/uploads\/2025\/02\/application-mobile-marketing-scaled.jpg\u00a0\u00bb alt=\u00a0\u00bbapplication-mobile-marketing\u00a0\u00bb title_text=\u00a0\u00bbapplication-mobile-marketing\u00a0\u00bb align=\u00a0\u00bbcenter\u00a0\u00bb _builder_version=\u00a0\u00bb4.27.4&Prime; _module_preset=\u00a0\u00bbdefault\u00a0\u00bb custom_margin=\u00a0\u00bb|192px||||\u00a0\u00bb custom_padding=\u00a0\u00bb|||0px||\u00a0\u00bb hover_enabled=\u00a0\u00bb0&Prime; global_colors_info=\u00a0\u00bb{}\u00a0\u00bb theme_builder_area=\u00a0\u00bbpost_content\u00a0\u00bb sticky_enabled=\u00a0\u00bb0&Prime;][\/et_pb_image][\/et_pb_column][\/et_pb_row][et_pb_row _builder_version=\u00a0\u00bb4.27.4&Prime; _module_preset=\u00a0\u00bbdefault\u00a0\u00bb global_colors_info=\u00a0\u00bb{}\u00a0\u00bb theme_builder_area=\u00a0\u00bbpost_content\u00a0\u00bb][et_pb_column type=\u00a0\u00bb4_4&Prime; _builder_version=\u00a0\u00bb4.27.4&Prime; _module_preset=\u00a0\u00bbdefault\u00a0\u00bb global_colors_info=\u00a0\u00bb{}\u00a0\u00bb theme_builder_area=\u00a0\u00bbpost_content\u00a0\u00bb][et_pb_text _builder_version=\u00a0\u00bb4.27.4&Prime; _module_preset=\u00a0\u00bbdefault\u00a0\u00bb text_font=\u00a0\u00bbRoboto||||||||\u00a0\u00bb text_text_color=\u00a0\u00bb#000000&Prime; text_font_size=\u00a0\u00bb16px\u00a0\u00bb header_2_font=\u00a0\u00bbOswald||||||||\u00a0\u00bb header_2_text_color=\u00a0\u00bb#000000&Prime; header_3_font=\u00a0\u00bbOswald||||||||\u00a0\u00bb header_3_text_color=\u00a0\u00bb#000000&Prime; hover_enabled=\u00a0\u00bb0&Prime; global_colors_info=\u00a0\u00bb{}\u00a0\u00bb theme_builder_area=\u00a0\u00bbpost_content\u00a0\u00bb sticky_enabled=\u00a0\u00bb0&Prime;]<\/p>\n<h2>Comment Ramipub peut accompagner une entreprise dans la cr\u00e9ation d&rsquo;application mobile ?<\/h2>\n<p>Ramipub, l\u2019agence de marketing digital peut accompagner une entreprise dans la cr\u00e9ation d\u2019une application mobile \u00e0 travers plusieurs \u00e9tapes cl\u00e9s, de la conception \u00e0 la promotion :<\/p>\n<h3>\u00c9tape 1 : Analyse et Strat\u00e9gie<\/h3>\n<ul>\n<li>\u00c9tude des besoins et des objectifs de l\u2019entreprise.<\/li>\n<li>Analyse du march\u00e9 et des applications concurrentes.<\/li>\n<li>D\u00e9finition des fonctionnalit\u00e9s cl\u00e9s et du parcours utilisateur (UX\/UI)<\/li>\n<\/ul>\n<h3>\u00c9tape 2 : Conception et D\u00e9veloppement<\/h3>\n<ul>\n<li>Cr\u00e9ation de maquettes et prototypes interactifs.<\/li>\n<li>D\u00e9veloppement de l\u2019application en mode natif (iOS, Android) ou hybride (React Native, Flutter).<\/li>\n<li>Tests et optimisation pour garantir une exp\u00e9rience fluide et sans bugs.<\/li>\n<\/ul>\n<h3>\u00c9tape 3 : R\u00e9f\u00e9rencement et ASO (App Store Optimization)<\/h3>\n<ul>\n<li>Optimisation des titres, descriptions et mots-cl\u00e9s pour am\u00e9liorer la visibilit\u00e9 sur les stores (App Store, Google Play).<\/li>\n<li>Cr\u00e9ation d\u2019ic\u00f4nes et captures d\u2019\u00e9cran attractives.<\/li>\n<li>Collecte et gestion des avis et notes des utilisateurs.<\/li>\n<\/ul>\n<h3>\u00c9tape 4 : Strat\u00e9gie de Lancement et Acquisition d\u2019Utilisateurs<\/h3>\n<ul>\n<li>Cr\u00e9ation de campagnes publicitaires (Google Ads, Facebook Ads, TikTok Ads, etc.).<\/li>\n<li>Strat\u00e9gies d\u2019influence et de partenariat pour g\u00e9n\u00e9rer du buzz.<\/li>\n<li>Lancement d\u2019un site web et d\u2019une landing page d\u00e9di\u00e9e \u00e0 l\u2019application.<\/li>\n<\/ul>\n<h3>\u00c9tape 5 : Suivi, Analyse et Optimisation<\/h3>\n<ul>\n<li>Mise en place d\u2019outils d\u2019analyse (Google Analytics, Firebase, Appsflyer).<\/li>\n<li>\u00c9tude des comportements des utilisateurs et am\u00e9lioration continue.<\/li>\n<li>Mises \u00e0 jour r\u00e9guli\u00e8res et ajout de nouvelles fonctionnalit\u00e9s.<\/li>\n<\/ul>\n<p>En combinant expertise technique et strat\u00e9gie marketing, une agence de marketing digital aide une entreprise \u00e0 concevoir, lancer et promouvoir efficacement son application mobile pour maximiser son impact et son succ\u00e8s.<\/p>\n<p>[\/et_pb_text][\/et_pb_column][\/et_pb_row][\/et_pb_section]<\/p>\n","protected":false},"excerpt":{"rendered":"<p>Applications mobileLes applications mobiles jouent un r\u00f4le cl\u00e9 dans le marketing digital en offrant aux entreprises un canal direct et interactif pour toucher leur audience. Gr\u00e2ce aux notifications push, \u00e0 la personnalisation du contenu et \u00e0 l\u2019exp\u00e9rience utilisateur optimis\u00e9e, elles permettent de fid\u00e9liser les clients et d\u2019augmenter l\u2019engagement. En int\u00e9grant des strat\u00e9gies comme le m-commerce, [&hellip;]<\/p>\n","protected":false},"author":1,"featured_media":0,"parent":0,"menu_order":0,"comment_status":"closed","ping_status":"closed","template":"","meta":{"_et_pb_use_builder":"on","_et_pb_old_content":"","_et_gb_content_width":"","footnotes":""},"class_list":["post-145","page","type-page","status-publish","hentry"],"yoast_head":"<!-- This site is optimized with the Yoast SEO plugin v27.4 - https:\/\/yoast.com\/product\/yoast-seo-wordpress\/ -->\n<title>Applications mobile : importance et enjeux pour les entreprises<\/title>\n<meta name=\"description\" content=\"Application mobile. D\u00e9couvrez les enjeux des applications mobile pour les entreprises dans le monde du marketing digital.\" \/>\n<meta name=\"robots\" content=\"index, follow, max-snippet:-1, max-image-preview:large, max-video-preview:-1\" \/>\n<link rel=\"canonical\" href=\"https:\/\/www.ramipub.net\/?page_id=145\" \/>\n<meta property=\"og:locale\" content=\"fr_FR\" \/>\n<meta property=\"og:type\" content=\"article\" \/>\n<meta property=\"og:title\" content=\"Applications mobile : importance et enjeux pour les entreprises\" \/>\n<meta property=\"og:description\" content=\"Application mobile. D\u00e9couvrez les enjeux des applications mobile pour les entreprises dans le monde du marketing digital.\" \/>\n<meta property=\"og:url\" content=\"https:\/\/www.ramipub.net\/?page_id=145\" \/>\n<meta property=\"og:site_name\" content=\"ramipub.net\" \/>\n<meta property=\"article:publisher\" content=\"https:\/\/www.facebook.com\/profile.php?id=100063576895276&amp;sk=about\" \/>\n<meta property=\"article:modified_time\" content=\"2025-02-11T16:38:51+00:00\" \/>\n<meta name=\"twitter:card\" content=\"summary_large_image\" \/>\n<script type=\"application\/ld+json\" class=\"yoast-schema-graph\">{\"@context\":\"https:\\\/\\\/schema.org\",\"@graph\":[{\"@type\":\"WebPage\",\"@id\":\"https:\\\/\\\/www.ramipub.net\\\/?page_id=145\",\"url\":\"https:\\\/\\\/www.ramipub.net\\\/?page_id=145\",\"name\":\"Applications mobile : importance et enjeux pour les entreprises\",\"isPartOf\":{\"@id\":\"https:\\\/\\\/www.ramipub.net\\\/#website\"},\"datePublished\":\"2025-02-11T16:21:39+00:00\",\"dateModified\":\"2025-02-11T16:38:51+00:00\",\"description\":\"Application mobile. D\u00e9couvrez les enjeux des applications mobile pour les entreprises dans le monde du marketing digital.\",\"breadcrumb\":{\"@id\":\"https:\\\/\\\/www.ramipub.net\\\/?page_id=145#breadcrumb\"},\"inLanguage\":\"fr-FR\",\"potentialAction\":[{\"@type\":\"ReadAction\",\"target\":[\"https:\\\/\\\/www.ramipub.net\\\/?page_id=145\"]}]},{\"@type\":\"BreadcrumbList\",\"@id\":\"https:\\\/\\\/www.ramipub.net\\\/?page_id=145#breadcrumb\",\"itemListElement\":[{\"@type\":\"ListItem\",\"position\":1,\"name\":\"Accueil\",\"item\":\"https:\\\/\\\/www.ramipub.net\\\/\"},{\"@type\":\"ListItem\",\"position\":2,\"name\":\"Applications Mobile\"}]},{\"@type\":\"WebSite\",\"@id\":\"https:\\\/\\\/www.ramipub.net\\\/#website\",\"url\":\"https:\\\/\\\/www.ramipub.net\\\/\",\"name\":\"ramipub.net\",\"description\":\"Ramipub est une plateforme d&eacute;di&eacute;e enti&eacute;rement au marketing digital et au r&eacute;ferencement naturel SEO et SEA\",\"potentialAction\":[{\"@type\":\"SearchAction\",\"target\":{\"@type\":\"EntryPoint\",\"urlTemplate\":\"https:\\\/\\\/www.ramipub.net\\\/?s={search_term_string}\"},\"query-input\":{\"@type\":\"PropertyValueSpecification\",\"valueRequired\":true,\"valueName\":\"search_term_string\"}}],\"inLanguage\":\"fr-FR\"}]}<\/script>\n<!-- \/ Yoast SEO plugin. -->","yoast_head_json":{"title":"Applications mobile : importance et enjeux pour les entreprises","description":"Application mobile. D\u00e9couvrez les enjeux des applications mobile pour les entreprises dans le monde du marketing digital.","robots":{"index":"index","follow":"follow","max-snippet":"max-snippet:-1","max-image-preview":"max-image-preview:large","max-video-preview":"max-video-preview:-1"},"canonical":"https:\/\/www.ramipub.net\/?page_id=145","og_locale":"fr_FR","og_type":"article","og_title":"Applications mobile : importance et enjeux pour les entreprises","og_description":"Application mobile. D\u00e9couvrez les enjeux des applications mobile pour les entreprises dans le monde du marketing digital.","og_url":"https:\/\/www.ramipub.net\/?page_id=145","og_site_name":"ramipub.net","article_publisher":"https:\/\/www.facebook.com\/profile.php?id=100063576895276&sk=about","article_modified_time":"2025-02-11T16:38:51+00:00","twitter_card":"summary_large_image","schema":{"@context":"https:\/\/schema.org","@graph":[{"@type":"WebPage","@id":"https:\/\/www.ramipub.net\/?page_id=145","url":"https:\/\/www.ramipub.net\/?page_id=145","name":"Applications mobile : importance et enjeux pour les entreprises","isPartOf":{"@id":"https:\/\/www.ramipub.net\/#website"},"datePublished":"2025-02-11T16:21:39+00:00","dateModified":"2025-02-11T16:38:51+00:00","description":"Application mobile. D\u00e9couvrez les enjeux des applications mobile pour les entreprises dans le monde du marketing digital.","breadcrumb":{"@id":"https:\/\/www.ramipub.net\/?page_id=145#breadcrumb"},"inLanguage":"fr-FR","potentialAction":[{"@type":"ReadAction","target":["https:\/\/www.ramipub.net\/?page_id=145"]}]},{"@type":"BreadcrumbList","@id":"https:\/\/www.ramipub.net\/?page_id=145#breadcrumb","itemListElement":[{"@type":"ListItem","position":1,"name":"Accueil","item":"https:\/\/www.ramipub.net\/"},{"@type":"ListItem","position":2,"name":"Applications Mobile"}]},{"@type":"WebSite","@id":"https:\/\/www.ramipub.net\/#website","url":"https:\/\/www.ramipub.net\/","name":"ramipub.net","description":"Ramipub est une plateforme d&eacute;di&eacute;e enti&eacute;rement au marketing digital et au r&eacute;ferencement naturel SEO et SEA","potentialAction":[{"@type":"SearchAction","target":{"@type":"EntryPoint","urlTemplate":"https:\/\/www.ramipub.net\/?s={search_term_string}"},"query-input":{"@type":"PropertyValueSpecification","valueRequired":true,"valueName":"search_term_string"}}],"inLanguage":"fr-FR"}]}},"_links":{"self":[{"href":"https:\/\/www.ramipub.net\/index.php?rest_route=\/wp\/v2\/pages\/145","targetHints":{"allow":["GET"]}}],"collection":[{"href":"https:\/\/www.ramipub.net\/index.php?rest_route=\/wp\/v2\/pages"}],"about":[{"href":"https:\/\/www.ramipub.net\/index.php?rest_route=\/wp\/v2\/types\/page"}],"author":[{"embeddable":true,"href":"https:\/\/www.ramipub.net\/index.php?rest_route=\/wp\/v2\/users\/1"}],"replies":[{"embeddable":true,"href":"https:\/\/www.ramipub.net\/index.php?rest_route=%2Fwp%2Fv2%2Fcomments&post=145"}],"version-history":[{"count":8,"href":"https:\/\/www.ramipub.net\/index.php?rest_route=\/wp\/v2\/pages\/145\/revisions"}],"predecessor-version":[{"id":158,"href":"https:\/\/www.ramipub.net\/index.php?rest_route=\/wp\/v2\/pages\/145\/revisions\/158"}],"wp:attachment":[{"href":"https:\/\/www.ramipub.net\/index.php?rest_route=%2Fwp%2Fv2%2Fmedia&parent=145"}],"curies":[{"name":"wp","href":"https:\/\/api.w.org\/{rel}","templated":true}]}}