{"id":88,"date":"2025-02-06T17:21:08","date_gmt":"2025-02-06T17:21:08","guid":{"rendered":"https:\/\/www.ramipub.net\/?page_id=88"},"modified":"2025-02-06T17:34:30","modified_gmt":"2025-02-06T17:34:30","slug":"reseaux-sociaux","status":"publish","type":"page","link":"https:\/\/www.ramipub.net\/?page_id=88","title":{"rendered":"R\u00e9seaux sociaux"},"content":{"rendered":"<p>[et_pb_section fb_built=\u00a0\u00bb1&Prime; _builder_version=\u00a0\u00bb4.27.4&Prime; _module_preset=\u00a0\u00bbdefault\u00a0\u00bb global_colors_info=\u00a0\u00bb{}\u00a0\u00bb theme_builder_area=\u00a0\u00bbpost_content\u00a0\u00bb][et_pb_row _builder_version=\u00a0\u00bb4.27.4&Prime; _module_preset=\u00a0\u00bbdefault\u00a0\u00bb global_colors_info=\u00a0\u00bb{}\u00a0\u00bb theme_builder_area=\u00a0\u00bbpost_content\u00a0\u00bb][et_pb_column type=\u00a0\u00bb4_4&Prime; _builder_version=\u00a0\u00bb4.27.4&Prime; _module_preset=\u00a0\u00bbdefault\u00a0\u00bb global_colors_info=\u00a0\u00bb{}\u00a0\u00bb theme_builder_area=\u00a0\u00bbpost_content\u00a0\u00bb][et_pb_text _builder_version=\u00a0\u00bb4.27.4&Prime; _module_preset=\u00a0\u00bbdefault\u00a0\u00bb header_font=\u00a0\u00bbOswald||||||||\u00a0\u00bb header_text_color=\u00a0\u00bb#000000&Prime; header_font_size=\u00a0\u00bb33px\u00a0\u00bb hover_enabled=\u00a0\u00bb0&Prime; global_colors_info=\u00a0\u00bb{}\u00a0\u00bb theme_builder_area=\u00a0\u00bbpost_content\u00a0\u00bb sticky_enabled=\u00a0\u00bb0&Prime;]<\/p>\n<h1 style=\"text-align: center;\">R\u00e9seaux sociaux<\/h1>\n<p>[\/et_pb_text][et_pb_text _builder_version=\u00a0\u00bb4.27.4&Prime; _module_preset=\u00a0\u00bbdefault\u00a0\u00bb text_font=\u00a0\u00bbRoboto||||||||\u00a0\u00bb text_text_color=\u00a0\u00bb#000000&Prime; text_font_size=\u00a0\u00bb16px\u00a0\u00bb hover_enabled=\u00a0\u00bb0&Prime; global_colors_info=\u00a0\u00bb{}\u00a0\u00bb theme_builder_area=\u00a0\u00bbpost_content\u00a0\u00bb sticky_enabled=\u00a0\u00bb0&Prime;]<\/p>\n<p>Les r\u00e9seaux sociaux jouent un r\u00f4le essentiel dans la strat\u00e9gie marketing des entreprises. Ils permettent d&rsquo;augmenter la visibilit\u00e9 d&rsquo;une marque, d&rsquo;interagir directement avec les clients et de fid\u00e9liser une communaut\u00e9.<\/p>\n<p>Gr\u00e2ce \u00e0 des campagnes cibl\u00e9es et du contenu engageant, les entreprises peuvent toucher un large public et renforcer leur image. De plus, les r\u00e9seaux sociaux offrent des outils d&rsquo;analyse permettant d&rsquo;ajuster les strat\u00e9gies en fonction des comportements des consommateurs.<\/p>\n<p>En int\u00e9grant ces plateformes dans leur marketing, les entreprises am\u00e9liorent leur notori\u00e9t\u00e9, stimulent leurs ventes et cr\u00e9ent une relation de proximit\u00e9 avec leur public. Ramipub est l\u00e0 pour vous accompagner et vous aider dans la gestion de vos r\u00e9seaux sociaux.\u00a0<\/p>\n<p>[\/et_pb_text][\/et_pb_column][\/et_pb_row][et_pb_row _builder_version=\u00a0\u00bb4.27.4&Prime; _module_preset=\u00a0\u00bbdefault\u00a0\u00bb custom_margin=\u00a0\u00bb|53px|||false|false\u00a0\u00bb global_colors_info=\u00a0\u00bb{}\u00a0\u00bb theme_builder_area=\u00a0\u00bbpost_content\u00a0\u00bb][et_pb_column type=\u00a0\u00bb4_4&Prime; _builder_version=\u00a0\u00bb4.27.4&Prime; _module_preset=\u00a0\u00bbdefault\u00a0\u00bb global_colors_info=\u00a0\u00bb{}\u00a0\u00bb theme_builder_area=\u00a0\u00bbpost_content\u00a0\u00bb][et_pb_image src=\u00a0\u00bbhttps:\/\/www.ramipub.net\/wp-content\/uploads\/2025\/02\/reseaux-sociaux.jpg\u00a0\u00bb alt=\u00a0\u00bbreseaux-sociaux\u00a0\u00bb title_text=\u00a0\u00bbreseaux-sociaux\u00a0\u00bb align=\u00a0\u00bbcenter\u00a0\u00bb _builder_version=\u00a0\u00bb4.27.4&Prime; _module_preset=\u00a0\u00bbdefault\u00a0\u00bb custom_margin=\u00a0\u00bb|192px||||\u00a0\u00bb custom_padding=\u00a0\u00bb|||0px||\u00a0\u00bb hover_enabled=\u00a0\u00bb0&Prime; global_colors_info=\u00a0\u00bb{}\u00a0\u00bb theme_builder_area=\u00a0\u00bbpost_content\u00a0\u00bb sticky_enabled=\u00a0\u00bb0&Prime;][\/et_pb_image][\/et_pb_column][\/et_pb_row][et_pb_row _builder_version=\u00a0\u00bb4.27.4&Prime; _module_preset=\u00a0\u00bbdefault\u00a0\u00bb global_colors_info=\u00a0\u00bb{}\u00a0\u00bb theme_builder_area=\u00a0\u00bbpost_content\u00a0\u00bb][et_pb_column type=\u00a0\u00bb4_4&Prime; _builder_version=\u00a0\u00bb4.27.4&Prime; _module_preset=\u00a0\u00bbdefault\u00a0\u00bb global_colors_info=\u00a0\u00bb{}\u00a0\u00bb theme_builder_area=\u00a0\u00bbpost_content\u00a0\u00bb][et_pb_text _builder_version=\u00a0\u00bb4.27.4&Prime; _module_preset=\u00a0\u00bbdefault\u00a0\u00bb text_font=\u00a0\u00bbRoboto||||||||\u00a0\u00bb text_text_color=\u00a0\u00bb#000000&Prime; text_font_size=\u00a0\u00bb16px\u00a0\u00bb header_2_font=\u00a0\u00bbOswald||||||||\u00a0\u00bb header_2_text_color=\u00a0\u00bb#000000&Prime; header_3_font=\u00a0\u00bbOswald||||||||\u00a0\u00bb header_3_text_color=\u00a0\u00bb#000000&Prime; hover_enabled=\u00a0\u00bb0&Prime; global_colors_info=\u00a0\u00bb{}\u00a0\u00bb theme_builder_area=\u00a0\u00bbpost_content\u00a0\u00bb sticky_enabled=\u00a0\u00bb0&Prime;]<\/p>\n<h2>L\u2019importance des r\u00e9seaux sociaux dans la strat\u00e9gie marketing<\/h2>\n<p>Les r\u00e9seaux sociaux jouent un r\u00f4le crucial dans la strat\u00e9gie marketing des entreprises modernes. Voici un aper\u00e7u de leur importance :<\/p>\n<h3>1. Communication directe et interactive<\/h3>\n<p>Les r\u00e9seaux sociaux permettent aux entreprises d&rsquo;interagir en temps r\u00e9el avec leurs clients, transformant ainsi la communication traditionnelle en un dialogue dynamique. Cette interactivit\u00e9 renforce l&rsquo;engagement des consommateurs et leur fid\u00e9lit\u00e9 \u00e0 la marque<span>.<\/span><\/p>\n<h3><strong><u><\/u><\/strong>2. Influence sur les comportements d&rsquo;achat<\/h3>\n<p>Une majorit\u00e9 de consommateurs se tourne vers les r\u00e9seaux sociaux pour rechercher des avis et des recommandations avant de faire un achat. En effet, environ 80 % des utilisateurs affirment que les publications sur ces plateformes influencent leurs d\u00e9cisions d&rsquo;achat<span>.<\/span>\u00a0Cela souligne l&rsquo;importance d&rsquo;une pr\u00e9sence active sur les r\u00e9seaux sociaux pour les marques.<\/p>\n<h3><strong><u><\/u><\/strong>3. Augmentation de la visibilit\u00e9 et de la notori\u00e9t\u00e9<\/h3>\n<p>Les r\u00e9seaux sociaux offrent une plateforme id\u00e9ale pour accro\u00eetre la visibilit\u00e9 d&rsquo;une marque. Les entreprises peuvent promouvoir leurs produits et services, lancer des campagnes publicitaires cibl\u00e9es et atteindre un public plus large gr\u00e2ce \u00e0 des outils de ciblage pr\u00e9cis.<\/p>\n<p><strong><u><\/u><\/strong><strong>4. Cr\u00e9ation de communaut\u00e9s engag\u00e9es<\/strong><\/p>\n<p>Les marques peuvent utiliser les r\u00e9seaux sociaux pour b\u00e2tir des communaut\u00e9s autour de leur produit ou service. Cela transforme les consommateurs en ambassadeurs de la marque, favorisant ainsi une relation plus profonde et durable.<\/p>\n<h3><strong><u><\/u><\/strong>5. Am\u00e9lioration du r\u00e9f\u00e9rencement<\/h3>\n<p>Une activit\u00e9 r\u00e9guli\u00e8re sur les r\u00e9seaux sociaux peut \u00e9galement am\u00e9liorer le r\u00e9f\u00e9rencement d&rsquo;une entreprise sur les moteurs de recherche. Plus le contenu est partag\u00e9, plus il g\u00e9n\u00e8re du trafic vers le site web, ce qui peut am\u00e9liorer sa position dans les r\u00e9sultats de recherche<span>.<\/span><\/p>\n<h3><strong><u><\/u><\/strong>6. Analyse et feedback en temps r\u00e9el<\/h3>\n<p>Les r\u00e9seaux sociaux permettent aux entreprises d&rsquo;obtenir rapidement des retours sur leurs produits et services. Cela aide \u00e0 ajuster les strat\u00e9gies marketing en fonction des r\u00e9actions des consommateurs, rendant l&rsquo;approche plus agile et r\u00e9active<span>.<\/span><\/p>\n<p>[\/et_pb_text][\/et_pb_column][\/et_pb_row][et_pb_row _builder_version=\u00a0\u00bb4.27.4&Prime; _module_preset=\u00a0\u00bbdefault\u00a0\u00bb custom_margin=\u00a0\u00bb|53px|||false|false\u00a0\u00bb global_colors_info=\u00a0\u00bb{}\u00a0\u00bb theme_builder_area=\u00a0\u00bbpost_content\u00a0\u00bb][et_pb_column type=\u00a0\u00bb4_4&Prime; _builder_version=\u00a0\u00bb4.27.4&Prime; _module_preset=\u00a0\u00bbdefault\u00a0\u00bb global_colors_info=\u00a0\u00bb{}\u00a0\u00bb theme_builder_area=\u00a0\u00bbpost_content\u00a0\u00bb][et_pb_image src=\u00a0\u00bbhttps:\/\/www.ramipub.net\/wp-content\/uploads\/2025\/02\/reseaux-sociaux-strategie-marketing.jpg\u00a0\u00bb alt=\u00a0\u00bbreseaux-sociaux-strategie-marketing\u00a0\u00bb title_text=\u00a0\u00bbreseaux-sociaux-strategie-marketing\u00a0\u00bb align=\u00a0\u00bbcenter\u00a0\u00bb _builder_version=\u00a0\u00bb4.27.4&Prime; _module_preset=\u00a0\u00bbdefault\u00a0\u00bb custom_margin=\u00a0\u00bb|192px||||\u00a0\u00bb custom_padding=\u00a0\u00bb|||0px||\u00a0\u00bb hover_enabled=\u00a0\u00bb0&Prime; global_colors_info=\u00a0\u00bb{}\u00a0\u00bb theme_builder_area=\u00a0\u00bbpost_content\u00a0\u00bb sticky_enabled=\u00a0\u00bb0&Prime;][\/et_pb_image][\/et_pb_column][\/et_pb_row][et_pb_row _builder_version=\u00a0\u00bb4.27.4&Prime; _module_preset=\u00a0\u00bbdefault\u00a0\u00bb global_colors_info=\u00a0\u00bb{}\u00a0\u00bb theme_builder_area=\u00a0\u00bbpost_content\u00a0\u00bb][et_pb_column type=\u00a0\u00bb4_4&Prime; _builder_version=\u00a0\u00bb4.27.4&Prime; _module_preset=\u00a0\u00bbdefault\u00a0\u00bb global_colors_info=\u00a0\u00bb{}\u00a0\u00bb theme_builder_area=\u00a0\u00bbpost_content\u00a0\u00bb][et_pb_text _builder_version=\u00a0\u00bb4.27.4&Prime; _module_preset=\u00a0\u00bbdefault\u00a0\u00bb text_font=\u00a0\u00bbRoboto||||||||\u00a0\u00bb text_text_color=\u00a0\u00bb#000000&Prime; text_font_size=\u00a0\u00bb16px\u00a0\u00bb header_2_font=\u00a0\u00bbOswald||||||||\u00a0\u00bb header_2_text_color=\u00a0\u00bb#000000&Prime; header_3_font=\u00a0\u00bbOswald||||||||\u00a0\u00bb header_3_text_color=\u00a0\u00bb#000000&Prime; hover_enabled=\u00a0\u00bb0&Prime; global_colors_info=\u00a0\u00bb{}\u00a0\u00bb theme_builder_area=\u00a0\u00bbpost_content\u00a0\u00bb sticky_enabled=\u00a0\u00bb0&Prime;]<\/p>\n<h2>Comment Ramipub vous accompagne dans la gestion de vos r\u00e9seaux sociaux dans votre strat\u00e9gie marketing ?<\/h2>\n<p>Dans la strat\u00e9gie marketing, l\u2019utilisation des r\u00e9seaux sociaux est devenue primordiale. C\u2019est pourquoi, Ramipub vous propose un programme efficace et attractif afin de vous accompagner dans la gestion de vos r\u00e9seaux sociaux.<\/p>\n<h3>D\u00e9finir l\u2019objectif et la cible<\/h3>\n<p><strong>Public vis\u00e9<\/strong> :<\/p>\n<ul>\n<li>Entrepreneurs et TPE\/PME<\/li>\n<li>Responsables marketing et communication<\/li>\n<li>Freelancers et consultants<\/li>\n<li>Community managers d\u00e9butants<\/li>\n<\/ul>\n<p><strong>Objectifs <\/strong>:<br \/>Comprendre le r\u00f4le des r\u00e9seaux sociaux dans une strat\u00e9gie marketing<br \/>Savoir choisir les bons r\u00e9seaux en fonction de son activit\u00e9<br \/>Apprendre \u00e0 cr\u00e9er du contenu engageant et \u00e0 fid\u00e9liser une audience<br \/>Ma\u00eetriser les outils d\u2019analyse pour optimiser ses actions<\/p>\n<h3>\u00a0Construire un Programme Structur\u00e9<\/h3>\n<p><span style=\"text-decoration: underline;\"><strong>\u00a01.<\/strong> <strong>Introduction au Social Media Marketing<\/strong><\/span><\/p>\n<ul>\n<li>L\u2019importance des r\u00e9seaux sociaux dans le marketing digital<\/li>\n<li>Panorama des plateformes (Facebook, Instagram, LinkedIn, TikTok, Twitter, YouTube\u2026)<\/li>\n<li>Tendances actuelles et \u00e9volutions<\/li>\n<\/ul>\n<p><span style=\"text-decoration: underline;\"><strong>2. D\u00e9finir une Strat\u00e9gie R\u00e9seaux Sociaux<\/strong><\/span><\/p>\n<ul>\n<li>D\u00e9terminer ses objectifs (notori\u00e9t\u00e9, engagement, conversion\u2026)<\/li>\n<li>Identifier sa cible et ses attentes<\/li>\n<li>\u00c9laborer un calendrier \u00e9ditorial<\/li>\n<\/ul>\n<p><span style=\"text-decoration: underline;\"><strong>3. Cr\u00e9ation de Contenu Engageant<\/strong><\/span><\/p>\n<ul>\n<li>R\u00e9daction de posts impactants<\/li>\n<li>Utilisation des visuels (Canva, Photoshop, vid\u00e9os courtes)<\/li>\n<li>Storytelling et copywriting pour capter l\u2019attention<\/li>\n<\/ul>\n<p><span style=\"text-decoration: underline;\"><strong>4. Publicit\u00e9 et Growth Hacking<\/strong><\/span><\/p>\n<ul>\n<li>Comprendre Facebook Ads, Instagram Ads et LinkedIn Ads<\/li>\n<li>Utiliser le retargeting et les campagnes sponsoris\u00e9es<\/li>\n<li>Collaborations avec influenceurs et strat\u00e9gies virales<\/li>\n<\/ul>\n<p><span style=\"text-decoration: underline;\"><strong>5. Analyse et Optimisation des Performances<\/strong><\/span><\/p>\n<ul>\n<li>Utiliser les KPIs (taux d\u2019engagement, reach, conversions)<\/li>\n<li>Outils d\u2019analyse (Meta Business Suite, Google Analytics, Hootsuite)<\/li>\n<li>Ajuster sa strat\u00e9gie en fonction des r\u00e9sultats<\/li>\n<\/ul>\n<p><span style=\"text-decoration: underline;\"><strong>6. Cas Pratiques et Exercices<\/strong><\/span><\/p>\n<ul>\n<li>Audit de r\u00e9seaux sociaux existants<\/li>\n<li>Cr\u00e9ation d\u2019une mini-campagne digitale<\/li>\n<li>Feedback personnalis\u00e9<\/li>\n<\/ul>\n<p>Ramipub propose \u00e9galement des formations pour les entreprises sur la gestion des r\u00e9seaux sociaux. Ces formations sont personnalis\u00e9es et propos\u00e9es selon les besoins de chaque institution.<\/p>\n<p>&nbsp;<\/p>\n<h2><strong><u>Conclusion<\/u><\/strong><\/h2>\n<p>En int\u00e9grant efficacement les r\u00e9seaux sociaux dans leur strat\u00e9gie marketing, les entreprises peuvent non seulement augmenter leur visibilit\u00e9 et leur notori\u00e9t\u00e9, mais aussi cr\u00e9er des relations solides avec leurs clients, influencer leurs comportements d&rsquo;achat et optimiser leur retour sur investissement. Les m\u00e9dias sociaux sont devenus un outil indispensable pour toute entreprise souhaitant rester comp\u00e9titive dans un march\u00e9 en constante \u00e9volution<\/p>\n<p>[\/et_pb_text][\/et_pb_column][\/et_pb_row][\/et_pb_section]<\/p>\n","protected":false},"excerpt":{"rendered":"<p>R\u00e9seaux sociauxLes r\u00e9seaux sociaux jouent un r\u00f4le essentiel dans la strat\u00e9gie marketing des entreprises. Ils permettent d&rsquo;augmenter la visibilit\u00e9 d&rsquo;une marque, d&rsquo;interagir directement avec les clients et de fid\u00e9liser une communaut\u00e9. Gr\u00e2ce \u00e0 des campagnes cibl\u00e9es et du contenu engageant, les entreprises peuvent toucher un large public et renforcer leur image. De plus, les r\u00e9seaux [&hellip;]<\/p>\n","protected":false},"author":1,"featured_media":0,"parent":0,"menu_order":0,"comment_status":"closed","ping_status":"closed","template":"","meta":{"_et_pb_use_builder":"on","_et_pb_old_content":"","_et_gb_content_width":"","footnotes":""},"class_list":["post-88","page","type-page","status-publish","hentry"],"yoast_head":"<!-- This site is optimized with the Yoast SEO plugin v27.4 - https:\/\/yoast.com\/product\/yoast-seo-wordpress\/ -->\n<title>R\u00e9seaux sociaux : importance dans la strat\u00e9gie marketing<\/title>\n<meta name=\"description\" content=\"R\u00e9seaux sociaux. D\u00e9couvrez l&#039;importance des r\u00e9seaux sociaux dans la strat\u00e9gie marketing ainsi que tout ce que propose Ramipub pour vous accompagner.\" \/>\n<meta name=\"robots\" content=\"index, follow, max-snippet:-1, max-image-preview:large, max-video-preview:-1\" \/>\n<link rel=\"canonical\" href=\"https:\/\/www.ramipub.net\/?page_id=88\" \/>\n<meta property=\"og:locale\" content=\"fr_FR\" \/>\n<meta property=\"og:type\" content=\"article\" \/>\n<meta property=\"og:title\" content=\"R\u00e9seaux sociaux : importance dans la strat\u00e9gie marketing\" \/>\n<meta property=\"og:description\" content=\"R\u00e9seaux sociaux. D\u00e9couvrez l&#039;importance des r\u00e9seaux sociaux dans la strat\u00e9gie marketing ainsi que tout ce que propose Ramipub pour vous accompagner.\" \/>\n<meta property=\"og:url\" content=\"https:\/\/www.ramipub.net\/?page_id=88\" \/>\n<meta property=\"og:site_name\" content=\"ramipub.net\" \/>\n<meta property=\"article:publisher\" content=\"https:\/\/www.facebook.com\/profile.php?id=100063576895276&amp;sk=about\" \/>\n<meta property=\"article:modified_time\" content=\"2025-02-06T17:34:30+00:00\" \/>\n<meta name=\"twitter:card\" content=\"summary_large_image\" \/>\n<script type=\"application\/ld+json\" class=\"yoast-schema-graph\">{\"@context\":\"https:\\\/\\\/schema.org\",\"@graph\":[{\"@type\":\"WebPage\",\"@id\":\"https:\\\/\\\/www.ramipub.net\\\/?page_id=88\",\"url\":\"https:\\\/\\\/www.ramipub.net\\\/?page_id=88\",\"name\":\"R\u00e9seaux sociaux : importance dans la strat\u00e9gie marketing\",\"isPartOf\":{\"@id\":\"https:\\\/\\\/www.ramipub.net\\\/#website\"},\"datePublished\":\"2025-02-06T17:21:08+00:00\",\"dateModified\":\"2025-02-06T17:34:30+00:00\",\"description\":\"R\u00e9seaux sociaux. D\u00e9couvrez l'importance des r\u00e9seaux sociaux dans la strat\u00e9gie marketing ainsi que tout ce que propose Ramipub pour vous accompagner.\",\"breadcrumb\":{\"@id\":\"https:\\\/\\\/www.ramipub.net\\\/?page_id=88#breadcrumb\"},\"inLanguage\":\"fr-FR\",\"potentialAction\":[{\"@type\":\"ReadAction\",\"target\":[\"https:\\\/\\\/www.ramipub.net\\\/?page_id=88\"]}]},{\"@type\":\"BreadcrumbList\",\"@id\":\"https:\\\/\\\/www.ramipub.net\\\/?page_id=88#breadcrumb\",\"itemListElement\":[{\"@type\":\"ListItem\",\"position\":1,\"name\":\"Accueil\",\"item\":\"https:\\\/\\\/www.ramipub.net\\\/\"},{\"@type\":\"ListItem\",\"position\":2,\"name\":\"R\u00e9seaux sociaux\"}]},{\"@type\":\"WebSite\",\"@id\":\"https:\\\/\\\/www.ramipub.net\\\/#website\",\"url\":\"https:\\\/\\\/www.ramipub.net\\\/\",\"name\":\"ramipub.net\",\"description\":\"Ramipub est une plateforme d&eacute;di&eacute;e enti&eacute;rement au marketing digital et au r&eacute;ferencement naturel SEO et SEA\",\"potentialAction\":[{\"@type\":\"SearchAction\",\"target\":{\"@type\":\"EntryPoint\",\"urlTemplate\":\"https:\\\/\\\/www.ramipub.net\\\/?s={search_term_string}\"},\"query-input\":{\"@type\":\"PropertyValueSpecification\",\"valueRequired\":true,\"valueName\":\"search_term_string\"}}],\"inLanguage\":\"fr-FR\"}]}<\/script>\n<!-- \/ Yoast SEO plugin. -->","yoast_head_json":{"title":"R\u00e9seaux sociaux : importance dans la strat\u00e9gie marketing","description":"R\u00e9seaux sociaux. D\u00e9couvrez l'importance des r\u00e9seaux sociaux dans la strat\u00e9gie marketing ainsi que tout ce que propose Ramipub pour vous accompagner.","robots":{"index":"index","follow":"follow","max-snippet":"max-snippet:-1","max-image-preview":"max-image-preview:large","max-video-preview":"max-video-preview:-1"},"canonical":"https:\/\/www.ramipub.net\/?page_id=88","og_locale":"fr_FR","og_type":"article","og_title":"R\u00e9seaux sociaux : importance dans la strat\u00e9gie marketing","og_description":"R\u00e9seaux sociaux. D\u00e9couvrez l'importance des r\u00e9seaux sociaux dans la strat\u00e9gie marketing ainsi que tout ce que propose Ramipub pour vous accompagner.","og_url":"https:\/\/www.ramipub.net\/?page_id=88","og_site_name":"ramipub.net","article_publisher":"https:\/\/www.facebook.com\/profile.php?id=100063576895276&sk=about","article_modified_time":"2025-02-06T17:34:30+00:00","twitter_card":"summary_large_image","schema":{"@context":"https:\/\/schema.org","@graph":[{"@type":"WebPage","@id":"https:\/\/www.ramipub.net\/?page_id=88","url":"https:\/\/www.ramipub.net\/?page_id=88","name":"R\u00e9seaux sociaux : importance dans la strat\u00e9gie marketing","isPartOf":{"@id":"https:\/\/www.ramipub.net\/#website"},"datePublished":"2025-02-06T17:21:08+00:00","dateModified":"2025-02-06T17:34:30+00:00","description":"R\u00e9seaux sociaux. D\u00e9couvrez l'importance des r\u00e9seaux sociaux dans la strat\u00e9gie marketing ainsi que tout ce que propose Ramipub pour vous accompagner.","breadcrumb":{"@id":"https:\/\/www.ramipub.net\/?page_id=88#breadcrumb"},"inLanguage":"fr-FR","potentialAction":[{"@type":"ReadAction","target":["https:\/\/www.ramipub.net\/?page_id=88"]}]},{"@type":"BreadcrumbList","@id":"https:\/\/www.ramipub.net\/?page_id=88#breadcrumb","itemListElement":[{"@type":"ListItem","position":1,"name":"Accueil","item":"https:\/\/www.ramipub.net\/"},{"@type":"ListItem","position":2,"name":"R\u00e9seaux sociaux"}]},{"@type":"WebSite","@id":"https:\/\/www.ramipub.net\/#website","url":"https:\/\/www.ramipub.net\/","name":"ramipub.net","description":"Ramipub est une plateforme d&eacute;di&eacute;e enti&eacute;rement au marketing digital et au r&eacute;ferencement naturel SEO et SEA","potentialAction":[{"@type":"SearchAction","target":{"@type":"EntryPoint","urlTemplate":"https:\/\/www.ramipub.net\/?s={search_term_string}"},"query-input":{"@type":"PropertyValueSpecification","valueRequired":true,"valueName":"search_term_string"}}],"inLanguage":"fr-FR"}]}},"_links":{"self":[{"href":"https:\/\/www.ramipub.net\/index.php?rest_route=\/wp\/v2\/pages\/88","targetHints":{"allow":["GET"]}}],"collection":[{"href":"https:\/\/www.ramipub.net\/index.php?rest_route=\/wp\/v2\/pages"}],"about":[{"href":"https:\/\/www.ramipub.net\/index.php?rest_route=\/wp\/v2\/types\/page"}],"author":[{"embeddable":true,"href":"https:\/\/www.ramipub.net\/index.php?rest_route=\/wp\/v2\/users\/1"}],"replies":[{"embeddable":true,"href":"https:\/\/www.ramipub.net\/index.php?rest_route=%2Fwp%2Fv2%2Fcomments&post=88"}],"version-history":[{"count":8,"href":"https:\/\/www.ramipub.net\/index.php?rest_route=\/wp\/v2\/pages\/88\/revisions"}],"predecessor-version":[{"id":100,"href":"https:\/\/www.ramipub.net\/index.php?rest_route=\/wp\/v2\/pages\/88\/revisions\/100"}],"wp:attachment":[{"href":"https:\/\/www.ramipub.net\/index.php?rest_route=%2Fwp%2Fv2%2Fmedia&parent=88"}],"curies":[{"name":"wp","href":"https:\/\/api.w.org\/{rel}","templated":true}]}}